{"id":5824,"date":"2024-07-12T13:58:26","date_gmt":"2024-07-12T13:58:26","guid":{"rendered":"https:\/\/www.willemi.com\/?page_id=5824"},"modified":"2024-07-12T14:16:42","modified_gmt":"2024-07-12T14:16:42","slug":"nous-contacter","status":"publish","type":"page","link":"https:\/\/www.willemi.com\/index.php\/nous-contacter\/","title":{"rendered":"Nous contacter"},"content":{"rendered":"\n<div class=\"wp-block-columns is-layout-flex wp-container-core-columns-is-layout-28f84493 wp-block-columns-is-layout-flex\">\n<div class=\"wp-block-column has-global-padding is-layout-constrained wp-container-core-column-is-layout-12243e0f wp-block-column-is-layout-constrained\" style=\"flex-basis:100%\">\n<figure class=\"wp-block-image alignfull size-full\"><img data-recalc-dims=\"1\" loading=\"lazy\" decoding=\"async\" width=\"1290\" height=\"560\" data-attachment-id=\"3570\" data-permalink=\"https:\/\/www.willemi.com\/image-152\/\" data-orig-file=\"https:\/\/i0.wp.com\/www.willemi.com\/wp-content\/uploads\/2022\/04\/image-152.jpg?fit=1290%2C560&amp;ssl=1\" data-orig-size=\"1290,560\" data-comments-opened=\"1\" data-image-meta=\"{&quot;aperture&quot;:&quot;0&quot;,&quot;credit&quot;:&quot;&quot;,&quot;camera&quot;:&quot;&quot;,&quot;caption&quot;:&quot;&quot;,&quot;created_timestamp&quot;:&quot;0&quot;,&quot;copyright&quot;:&quot;&quot;,&quot;focal_length&quot;:&quot;0&quot;,&quot;iso&quot;:&quot;0&quot;,&quot;shutter_speed&quot;:&quot;0&quot;,&quot;title&quot;:&quot;&quot;,&quot;orientation&quot;:&quot;0&quot;}\" data-image-title=\"image 152\" data-image-description=\"\" data-image-caption=\"\" data-large-file=\"https:\/\/i0.wp.com\/www.willemi.com\/wp-content\/uploads\/2022\/04\/image-152.jpg?fit=1024%2C445&amp;ssl=1\" src=\"https:\/\/i0.wp.com\/www.willemi.com\/wp-content\/uploads\/2022\/04\/image-152.jpg?resize=1290%2C560&#038;ssl=1\" alt=\"\" class=\"wp-image-3570\" srcset=\"https:\/\/i0.wp.com\/www.willemi.com\/wp-content\/uploads\/2022\/04\/image-152.jpg?w=1290&amp;ssl=1 1290w, https:\/\/i0.wp.com\/www.willemi.com\/wp-content\/uploads\/2022\/04\/image-152.jpg?resize=300%2C130&amp;ssl=1 300w, https:\/\/i0.wp.com\/www.willemi.com\/wp-content\/uploads\/2022\/04\/image-152.jpg?resize=1024%2C445&amp;ssl=1 1024w, https:\/\/i0.wp.com\/www.willemi.com\/wp-content\/uploads\/2022\/04\/image-152.jpg?resize=768%2C333&amp;ssl=1 768w, https:\/\/i0.wp.com\/www.willemi.com\/wp-content\/uploads\/2022\/04\/image-152.jpg?resize=600%2C260&amp;ssl=1 600w\" sizes=\"auto, (max-width: 1000px) 100vw, 1000px\" \/><\/figure>\n<\/div>\n<\/div>\n\n\n\n<div style=\"height:100px\" aria-hidden=\"true\" class=\"wp-block-spacer\"><\/div>\n\n\n\n<h2 class=\"wp-block-heading has-text-align-center has-text-color has-link-color wp-elements-230cebd69608457442e0f44cc1c07eaa\" style=\"color:#13172b\">Nous contacter<\/h2>\n\n\n\n<div style=\"height:100px\" aria-hidden=\"true\" class=\"wp-block-spacer\"><\/div>\n\n\n\n<div class=\"wp-block-columns is-layout-flex wp-container-core-columns-is-layout-28f84493 wp-block-columns-is-layout-flex\">\n<div class=\"wp-block-column is-layout-flow wp-block-column-is-layout-flow\">\n<p class=\"has-text-align-center\">Notre \u00e9quipe se tient \u00e0 votre \u00e9coute pour toutes demande de renseignements<\/p>\n\n\n\n<p class=\"has-text-align-center\">Nous sommes \u00e9galement joignables par t\u00e9l\u00e9phone au +33 6 01 01 34 17<\/p>\n\n\n\n<p class=\"has-text-align-center\">Compl\u00e9tez le formulaire suivant pour nous \u00e9crire un email. <\/p>\n\n\n\n<p class=\"has-text-align-center\">Nous vous r\u00e9pondrons dans les meilleurs d\u00e9lais.<\/p>\n\n\n\n<figure class=\"wp-block-image aligncenter size-full\"><img data-recalc-dims=\"1\" loading=\"lazy\" decoding=\"async\" width=\"56\" height=\"56\" data-attachment-id=\"3836\" data-permalink=\"https:\/\/www.willemi.com\/?attachment_id=3836\" data-orig-file=\"https:\/\/i0.wp.com\/www.willemi.com\/wp-content\/uploads\/2022\/04\/Vector.png?fit=56%2C56&amp;ssl=1\" data-orig-size=\"56,56\" data-comments-opened=\"1\" data-image-meta=\"{&quot;aperture&quot;:&quot;0&quot;,&quot;credit&quot;:&quot;&quot;,&quot;camera&quot;:&quot;&quot;,&quot;caption&quot;:&quot;&quot;,&quot;created_timestamp&quot;:&quot;0&quot;,&quot;copyright&quot;:&quot;&quot;,&quot;focal_length&quot;:&quot;0&quot;,&quot;iso&quot;:&quot;0&quot;,&quot;shutter_speed&quot;:&quot;0&quot;,&quot;title&quot;:&quot;&quot;,&quot;orientation&quot;:&quot;0&quot;}\" data-image-title=\"Vector\" data-image-description=\"\" data-image-caption=\"\" data-large-file=\"https:\/\/i0.wp.com\/www.willemi.com\/wp-content\/uploads\/2022\/04\/Vector.png?fit=56%2C56&amp;ssl=1\" src=\"https:\/\/i0.wp.com\/www.willemi.com\/wp-content\/uploads\/2022\/04\/Vector.png?resize=56%2C56&#038;ssl=1\" alt=\"\" class=\"wp-image-3836\"\/><\/figure>\n\n\n\n<figure class=\"wp-block-image aligncenter size-full has-custom-border is-style-rounded wp-duotone-unset-2 is-style-rounded--1\"><img data-recalc-dims=\"1\" loading=\"lazy\" decoding=\"async\" width=\"410\" height=\"410\" data-attachment-id=\"1522\" data-permalink=\"https:\/\/www.willemi.com\/image-151\/\" data-orig-file=\"https:\/\/i0.wp.com\/www.willemi.com\/wp-content\/uploads\/2022\/04\/image-151.jpg?fit=410%2C410&amp;ssl=1\" data-orig-size=\"410,410\" data-comments-opened=\"1\" data-image-meta=\"{&quot;aperture&quot;:&quot;0&quot;,&quot;credit&quot;:&quot;&quot;,&quot;camera&quot;:&quot;&quot;,&quot;caption&quot;:&quot;&quot;,&quot;created_timestamp&quot;:&quot;0&quot;,&quot;copyright&quot;:&quot;&quot;,&quot;focal_length&quot;:&quot;0&quot;,&quot;iso&quot;:&quot;0&quot;,&quot;shutter_speed&quot;:&quot;0&quot;,&quot;title&quot;:&quot;&quot;,&quot;orientation&quot;:&quot;0&quot;}\" data-image-title=\"image 151\" data-image-description=\"\" data-image-caption=\"\" data-large-file=\"https:\/\/i0.wp.com\/www.willemi.com\/wp-content\/uploads\/2022\/04\/image-151.jpg?fit=410%2C410&amp;ssl=1\" src=\"https:\/\/i0.wp.com\/www.willemi.com\/wp-content\/uploads\/2022\/04\/image-151.jpg?resize=410%2C410&#038;ssl=1\" alt=\"\" class=\"wp-image-1522\" style=\"border-radius:100px\" srcset=\"https:\/\/i0.wp.com\/www.willemi.com\/wp-content\/uploads\/2022\/04\/image-151.jpg?w=410&amp;ssl=1 410w, https:\/\/i0.wp.com\/www.willemi.com\/wp-content\/uploads\/2022\/04\/image-151.jpg?resize=300%2C300&amp;ssl=1 300w, https:\/\/i0.wp.com\/www.willemi.com\/wp-content\/uploads\/2022\/04\/image-151.jpg?resize=150%2C150&amp;ssl=1 150w, https:\/\/i0.wp.com\/www.willemi.com\/wp-content\/uploads\/2022\/04\/image-151.jpg?resize=380%2C380&amp;ssl=1 380w, https:\/\/i0.wp.com\/www.willemi.com\/wp-content\/uploads\/2022\/04\/image-151.jpg?resize=100%2C100&amp;ssl=1 100w\" sizes=\"auto, (max-width: 410px) 100vw, 410px\" \/><\/figure>\n<\/div>\n\n\n\n<div class=\"wp-block-column is-layout-flow wp-block-column-is-layout-flow\"><div class=\"wp-block-jetpack-contact-form is-layout-flex wp-container-jetpack-contact-form-is-layout-b7ed9015 wp-block-jetpack-contact-form-is-layout-flex\"><a href=\"https:\/\/www.willemi.com\/index.php\/nous-contacter\/\" target=\"_blank\" rel=\"noopener noreferrer\">Soumettre un formulaire.<\/a><\/div><\/div>\n<\/div>\n","protected":false},"excerpt":{"rendered":"<p>Nous contacter Notre \u00e9quipe se tient \u00e0 votre \u00e9coute pour toutes demande de renseignements Nous sommes \u00e9galement joignables par t\u00e9l\u00e9phone au +33 6 01 01 34 17 Compl\u00e9tez le formulaire suivant pour nous \u00e9crire un email. Nous vous r\u00e9pondrons dans les meilleurs d\u00e9lais.<\/p>\n","protected":false},"author":1,"featured_media":0,"parent":0,"menu_order":3,"comment_status":"closed","ping_status":"closed","template":"","meta":{"advanced_seo_description":"","jetpack_seo_html_title":"","jetpack_seo_noindex":false,"jetpack_post_was_ever_published":false,"footnotes":""},"class_list":["post-5824","page","type-page","status-publish","hentry"],"jetpack-related-posts":[],"jetpack_sharing_enabled":true,"_links":{"self":[{"href":"https:\/\/www.willemi.com\/index.php\/wp-json\/wp\/v2\/pages\/5824","targetHints":{"allow":["GET"]}}],"collection":[{"href":"https:\/\/www.willemi.com\/index.php\/wp-json\/wp\/v2\/pages"}],"about":[{"href":"https:\/\/www.willemi.com\/index.php\/wp-json\/wp\/v2\/types\/page"}],"author":[{"embeddable":true,"href":"https:\/\/www.willemi.com\/index.php\/wp-json\/wp\/v2\/users\/1"}],"replies":[{"embeddable":true,"href":"https:\/\/www.willemi.com\/index.php\/wp-json\/wp\/v2\/comments?post=5824"}],"version-history":[{"count":10,"href":"https:\/\/www.willemi.com\/index.php\/wp-json\/wp\/v2\/pages\/5824\/revisions"}],"predecessor-version":[{"id":5834,"href":"https:\/\/www.willemi.com\/index.php\/wp-json\/wp\/v2\/pages\/5824\/revisions\/5834"}],"wp:attachment":[{"href":"https:\/\/www.willemi.com\/index.php\/wp-json\/wp\/v2\/media?parent=5824"}],"curies":[{"name":"wp","href":"https:\/\/api.w.org\/{rel}","templated":true}]}}