{"id":5844,"date":"2024-07-12T15:15:08","date_gmt":"2024-07-12T15:15:08","guid":{"rendered":"https:\/\/www.willemi.com\/?page_id=5844"},"modified":"2024-07-12T15:15:08","modified_gmt":"2024-07-12T15:15:08","slug":"mentions-legales","status":"publish","type":"page","link":"https:\/\/www.willemi.com\/index.php\/mentions-legales\/","title":{"rendered":"Mentions l\u00e9gales"},"content":{"rendered":"\n<p>Conform\u00e9ment aux dispositions des articles 6-III et 19 de la Loi n\u00b0 2004-575 du 21 juin 2004 pour la Confiance dans l&rsquo;\u00e9conomie num\u00e9rique, dite L.C.E.N., nous portons \u00e0 la connaissance des utilisateurs et visiteurs du site :&nbsp;<strong><a href=\"https:\/\/www.willemi.com\/\">https:\/\/www.willemi.com<\/a><\/strong>&nbsp;les informations suivantes :<\/p>\n\n\n\n<p><strong>\u00c9DITEUR<\/strong><\/p>\n\n\n\n<p>Le site&nbsp;<strong><a href=\"https:\/\/www.willemi.com\/\">https:\/\/www.willemi.com<\/a><\/strong>&nbsp;est la propri\u00e9t\u00e9 exclusive de&nbsp;<strong>Axel WALSER<\/strong>, qui l&rsquo;\u00e9dite.<\/p>\n\n\n\n<p><strong>Axel WALSER<\/strong>\u00a0soci\u00e9t\u00e9 au capital de\u00a0<br>Adresse email :\u00a0<strong><a href=\"mailto:sarlflore@orange.fr\">sarlflore@orange.fr<\/a><\/strong><br>T\u00e9l\u00e9phone :\u00a0<strong>+33 6 01 01 34 17<\/strong><br>Adresse :\u00a0<strong>32, Boulevard Louis Blanc 83990 Saint-Tropez<\/strong><br>Immatricul\u00e9e au Registre du Commerce et des Soci\u00e9t\u00e9s de\u00a0sous le num\u00e9ro SIRET\u00a0<br>Num\u00e9ro TVA intracommunautaire :\u00a0<\/p>\n\n\n\n<p><br>Directeur de la&nbsp; publication&nbsp;:&nbsp;<strong>Axel WALSER<\/strong><br>Contactez le responsable de la publication :&nbsp;<strong><a href=\"mailto:sarflore@orange.fr\">sarflore@orange.fr<\/a><\/strong><\/p>\n\n\n\n<p><strong>H\u00c9BERGEMENT<\/strong><\/p>\n\n\n\n<p>Le site est h\u00e9berg\u00e9&nbsp;par&nbsp;<strong>Navilog 66, Route des Quatre Saisons, 13190, Allauch, France<\/strong><\/p>\n\n\n\n<p><\/p>\n","protected":false},"excerpt":{"rendered":"<p>Conform\u00e9ment aux dispositions des articles 6-III et 19 de la Loi n\u00b0 2004-575 du 21 juin 2004 pour la Confiance dans l&rsquo;\u00e9conomie num\u00e9rique, dite L.C.E.N., nous portons \u00e0 la connaissance des utilisateurs et visiteurs du site :&nbsp;https:\/\/www.willemi.com&nbsp;les informations suivantes : \u00c9DITEUR Le site&nbsp;https:\/\/www.willemi.com&nbsp;est la propri\u00e9t\u00e9 exclusive de&nbsp;Axel WALSER, qui l&rsquo;\u00e9dite. Axel WALSER\u00a0soci\u00e9t\u00e9 au capital de\u00a0Adresse [&hellip;]<\/p>\n","protected":false},"author":1,"featured_media":0,"parent":0,"menu_order":4,"comment_status":"closed","ping_status":"closed","template":"","meta":{"advanced_seo_description":"","jetpack_seo_html_title":"","jetpack_seo_noindex":false,"jetpack_post_was_ever_published":false,"footnotes":""},"class_list":["post-5844","page","type-page","status-publish","hentry"],"jetpack-related-posts":[],"jetpack_sharing_enabled":true,"_links":{"self":[{"href":"https:\/\/www.willemi.com\/index.php\/wp-json\/wp\/v2\/pages\/5844","targetHints":{"allow":["GET"]}}],"collection":[{"href":"https:\/\/www.willemi.com\/index.php\/wp-json\/wp\/v2\/pages"}],"about":[{"href":"https:\/\/www.willemi.com\/index.php\/wp-json\/wp\/v2\/types\/page"}],"author":[{"embeddable":true,"href":"https:\/\/www.willemi.com\/index.php\/wp-json\/wp\/v2\/users\/1"}],"replies":[{"embeddable":true,"href":"https:\/\/www.willemi.com\/index.php\/wp-json\/wp\/v2\/comments?post=5844"}],"version-history":[{"count":1,"href":"https:\/\/www.willemi.com\/index.php\/wp-json\/wp\/v2\/pages\/5844\/revisions"}],"predecessor-version":[{"id":5845,"href":"https:\/\/www.willemi.com\/index.php\/wp-json\/wp\/v2\/pages\/5844\/revisions\/5845"}],"wp:attachment":[{"href":"https:\/\/www.willemi.com\/index.php\/wp-json\/wp\/v2\/media?parent=5844"}],"curies":[{"name":"wp","href":"https:\/\/api.w.org\/{rel}","templated":true}]}}